{"id":428,"date":"2014-01-11T16:28:29","date_gmt":"2014-01-11T15:28:29","guid":{"rendered":"http:\/\/www.krutomyval.com\/?page_id=428"},"modified":"2018-09-26T22:35:24","modified_gmt":"2018-09-26T21:35:24","slug":"profil","status":"publish","type":"page","link":"https:\/\/www.krutomyval.com\/?page_id=428","title":{"rendered":"Profil"},"content":{"rendered":"<p style=\"text-align: justify;\"><strong>Jm\u00e9no<\/strong>: \u00a0 \u00a0 \u00a0 \u00a0 \u00a0JUDr. <strong>Nikolas M\u00fdval<\/strong> LL.M.<\/p>\n<p style=\"text-align: justify;\"><strong>P\u0159ezd\u00edvka: \u00a0 <\/strong>Krutom\u00fdval<\/p>\n<p style=\"text-align: justify;\"><strong>Narozen<\/strong>: \u00a0 \u00a0 \u00a014.7. 1979<\/p>\n<p style=\"text-align: justify;\"><strong>Povol\u00e1n\u00ed<\/strong>: \u00a0 \u00a0p\u0159isluhova\u010d zla (pr\u00e1vn\u00edk)<\/p>\n<p style=\"text-align: justify;\"><strong> Obor<\/strong>: \u00a0 \u00a0 \u00a0 \u00a0 \u00a0 \u00a0 trestn\u00ed pr\u00e1vo<\/p>\n<p style=\"text-align: justify;\"><strong>Dal\u0161\u00ed<\/strong>: \u00a0 \u00a0 \u00a0 \u00a0 \u00a0 konzulta\u010dn\u00ed \u010dinnost p\u0159i vy\u0161et\u0159ov\u00e1n\u00ed trestn\u00fdch \u010din\u016f z oblasti organizovan\u00e9ho \u00a0 \u00a0 \u00a0 \u00a0 \u00a0 \u00a0 \u00a0 \u00a0 \u00a0 \u00a0 \u00a0 \u00a0 \u00a0 \u00a0 \u00a0 \u00a0 zlo\u010dinu. Zejm\u00e9na s orientac\u00ed na poru\u0161ov\u00e1n\u00ed regulace pr\u00e1va sout\u011b\u017en\u00edho.<\/p>\n<p style=\"text-align: justify;\"><strong>Kde<\/strong> mne m\u016f\u017eete \u010dasto naj\u00edt? V soudn\u00ed s\u00edni:\u00a0100 Centre St, New York, NY, trestn\u00ed soud<\/p>\n<p style=\"text-align: justify;\"><strong>Jin\u00e9 obl\u00edben\u00e9 m\u00edsto<\/strong>: Central Park<\/p>\n<p style=\"text-align: justify;\"><strong>M\u011bsto kde p\u0159eb\u00fdv\u00e1m<\/strong>: \u00a0NYC, USA.<\/p>\n<p style=\"text-align: justify;\"><strong>Obl\u00edben\u00e9 filmy<\/strong>: \u010e\u00e1bl\u016fv Advok\u00e1t, Dev\u00e1t\u00e1 Br\u00e1na, Klub Rv\u00e1\u010d\u016f, Den Zrady, Jeden Mus\u00ed z Kola Ven, District 9, Michael Clayton, Firma, Vlk z Wall Street<\/p>\n<p style=\"text-align: justify;\"><strong>Obl\u00edben\u00e1 hudba<\/strong>: Elvis Presley, Nick Cave, Underworld, Prodigy, Air, David Bowie, Daft Punk, Buck 65<\/p>\n<p style=\"text-align: justify;\"><strong>Obl\u00edben\u00e1 \u010detba<\/strong>: Oscar Wilde, F. Scott Fitzgerald, George Orwell, Henry Miller<\/p>\n<p style=\"text-align: justify;\"><strong>Obl\u00edben\u00e9 sporty<\/strong>: Vytrvalostn\u00ed b\u011bh, Salsa, Muay-Thai<\/p>\n<p style=\"text-align: justify;\"><strong>Obl\u00edben\u00e9 j\u00eddlo<\/strong>: Spaghetti Carbonara<\/p>\n<p style=\"text-align: justify;\"><strong>Obl\u00edben\u00e1 \u010dinnost<\/strong>: myt\u00ed kostek cukru<\/p>\n<p style=\"text-align: justify;\"><strong>Povaha<\/strong>: krut\u00e1<\/p>\n<p style=\"text-align: justify;\"><strong>Vlastnosti<\/strong>: b\u00e1jn\u011b lhav\u00fd, prima hrav\u00fd<\/p>\n<p style=\"text-align: justify;\"><strong>Dlouhob\u00fd c\u00edl<\/strong>: snaha o p\u0159erod z pr\u00e1vn\u00edka ve slu\u0161nou osobu. Nejl\u00e9pe zahradn\u00edka. P\u011bstitele hyacint\u016f. U\u017e aby to bylo.<\/p>\n<p>&nbsp;<\/p>\n<p>&nbsp;<\/p>\n<p><a href=\"https:\/\/www.krutomyval.com\/wp-content\/uploads\/2018\/09\/Asset-1@4x-1.png\"><img decoding=\"async\" loading=\"lazy\" class=\"aligncenter size-full wp-image-2539\" src=\"https:\/\/www.krutomyval.com\/wp-content\/uploads\/2018\/09\/Asset-1@4x-1.png\" alt=\"\" width=\"2329\" height=\"2329\" srcset=\"https:\/\/www.krutomyval.com\/wp-content\/uploads\/2018\/09\/Asset-1@4x-1.png 2329w, https:\/\/www.krutomyval.com\/wp-content\/uploads\/2018\/09\/Asset-1@4x-1-150x150.png 150w, https:\/\/www.krutomyval.com\/wp-content\/uploads\/2018\/09\/Asset-1@4x-1-300x300.png 300w, https:\/\/www.krutomyval.com\/wp-content\/uploads\/2018\/09\/Asset-1@4x-1-768x768.png 768w, https:\/\/www.krutomyval.com\/wp-content\/uploads\/2018\/09\/Asset-1@4x-1-1024x1024.png 1024w\" sizes=\"(max-width: 2329px) 100vw, 2329px\" \/><\/a><a href=\"https:\/\/www.krutomyval.com\/wp-content\/uploads\/2018\/09\/felix-mooneeram-222805-unsplash-1.jpg\"><br \/>\n<\/a><a href=\"https:\/\/www.krutomyval.com\/wp-content\/uploads\/2018\/09\/felix-mooneeram-222805-unsplash-2.jpg\"><img decoding=\"async\" loading=\"lazy\" class=\"aligncenter size-full wp-image-2534\" src=\"https:\/\/www.krutomyval.com\/wp-content\/uploads\/2018\/09\/felix-mooneeram-222805-unsplash-2.jpg\" alt=\"\" width=\"2048\" height=\"1066\" srcset=\"https:\/\/www.krutomyval.com\/wp-content\/uploads\/2018\/09\/felix-mooneeram-222805-unsplash-2.jpg 2048w, https:\/\/www.krutomyval.com\/wp-content\/uploads\/2018\/09\/felix-mooneeram-222805-unsplash-2-300x156.jpg 300w, https:\/\/www.krutomyval.com\/wp-content\/uploads\/2018\/09\/felix-mooneeram-222805-unsplash-2-768x400.jpg 768w, https:\/\/www.krutomyval.com\/wp-content\/uploads\/2018\/09\/felix-mooneeram-222805-unsplash-2-1024x533.jpg 1024w\" sizes=\"(max-width: 2048px) 100vw, 2048px\" \/><\/a><\/p>\n","protected":false},"excerpt":{"rendered":"<p>Jm\u00e9no: \u00a0 \u00a0 \u00a0 \u00a0 \u00a0JUDr. Nikolas M\u00fdval LL.M. P\u0159ezd\u00edvka: \u00a0 Krutom\u00fdval Narozen: \u00a0 \u00a0 \u00a014.7. 1979 Povol\u00e1n\u00ed: \u00a0 \u00a0p\u0159isluhova\u010d zla (pr\u00e1vn\u00edk) Obor: \u00a0 \u00a0 \u00a0 \u00a0 \u00a0 \u00a0 trestn\u00ed pr\u00e1vo Dal\u0161\u00ed: \u00a0 \u00a0 \u00a0 \u00a0 \u00a0 konzulta\u010dn\u00ed \u010dinnost p\u0159i vy\u0161et\u0159ov\u00e1n\u00ed trestn\u00fdch \u010din\u016f z oblasti organizovan\u00e9ho \u00a0 \u00a0 \u00a0 \u00a0 \u00a0 \u00a0 \u00a0 \u00a0 \u00a0 &hellip; <a href=\"https:\/\/www.krutomyval.com\/?page_id=428\" class=\"more-link\">Pokra\u010dov\u00e1n\u00ed textu <span class=\"screen-reader-text\">Profil<\/span> <span class=\"meta-nav\">&rarr;<\/span><\/a><\/p>\n","protected":false},"author":1,"featured_media":0,"parent":0,"menu_order":0,"comment_status":"open","ping_status":"open","template":"","meta":{"_editorskit_title_hidden":false,"_editorskit_reading_time":0,"_editorskit_is_block_options_detached":false,"_editorskit_block_options_position":"{}"},"_links":{"self":[{"href":"https:\/\/www.krutomyval.com\/index.php?rest_route=\/wp\/v2\/pages\/428"}],"collection":[{"href":"https:\/\/www.krutomyval.com\/index.php?rest_route=\/wp\/v2\/pages"}],"about":[{"href":"https:\/\/www.krutomyval.com\/index.php?rest_route=\/wp\/v2\/types\/page"}],"author":[{"embeddable":true,"href":"https:\/\/www.krutomyval.com\/index.php?rest_route=\/wp\/v2\/users\/1"}],"replies":[{"embeddable":true,"href":"https:\/\/www.krutomyval.com\/index.php?rest_route=%2Fwp%2Fv2%2Fcomments&post=428"}],"version-history":[{"count":26,"href":"https:\/\/www.krutomyval.com\/index.php?rest_route=\/wp\/v2\/pages\/428\/revisions"}],"predecessor-version":[{"id":2540,"href":"https:\/\/www.krutomyval.com\/index.php?rest_route=\/wp\/v2\/pages\/428\/revisions\/2540"}],"wp:attachment":[{"href":"https:\/\/www.krutomyval.com\/index.php?rest_route=%2Fwp%2Fv2%2Fmedia&parent=428"}],"curies":[{"name":"wp","href":"https:\/\/api.w.org\/{rel}","templated":true}]}}