{"id":436,"date":"2014-01-11T16:31:49","date_gmt":"2014-01-11T15:31:49","guid":{"rendered":"http:\/\/www.krutomyval.com\/?page_id=436"},"modified":"2014-01-11T16:32:06","modified_gmt":"2014-01-11T15:32:06","slug":"upozorneni","status":"publish","type":"page","link":"https:\/\/www.krutomyval.com\/?page_id=436","title":{"rendered":"Upozorn\u011bn\u00ed"},"content":{"rendered":"<p>ve\u0161ker\u00fd obsah t\u011bchto str\u00e1nek je smy\u0161len\u00fd a nevhodn\u00fd pro osoby mlad\u0161\u00ed osmn\u00e1cti let.<\/p>\n","protected":false},"excerpt":{"rendered":"<p>ve\u0161ker\u00fd obsah t\u011bchto str\u00e1nek je smy\u0161len\u00fd a nevhodn\u00fd pro osoby mlad\u0161\u00ed osmn\u00e1cti let.<\/p>\n","protected":false},"author":1,"featured_media":0,"parent":0,"menu_order":0,"comment_status":"open","ping_status":"open","template":"","meta":{"_editorskit_title_hidden":false,"_editorskit_reading_time":0,"_editorskit_is_block_options_detached":false,"_editorskit_block_options_position":"{}"},"_links":{"self":[{"href":"https:\/\/www.krutomyval.com\/index.php?rest_route=\/wp\/v2\/pages\/436"}],"collection":[{"href":"https:\/\/www.krutomyval.com\/index.php?rest_route=\/wp\/v2\/pages"}],"about":[{"href":"https:\/\/www.krutomyval.com\/index.php?rest_route=\/wp\/v2\/types\/page"}],"author":[{"embeddable":true,"href":"https:\/\/www.krutomyval.com\/index.php?rest_route=\/wp\/v2\/users\/1"}],"replies":[{"embeddable":true,"href":"https:\/\/www.krutomyval.com\/index.php?rest_route=%2Fwp%2Fv2%2Fcomments&post=436"}],"version-history":[{"count":2,"href":"https:\/\/www.krutomyval.com\/index.php?rest_route=\/wp\/v2\/pages\/436\/revisions"}],"predecessor-version":[{"id":438,"href":"https:\/\/www.krutomyval.com\/index.php?rest_route=\/wp\/v2\/pages\/436\/revisions\/438"}],"wp:attachment":[{"href":"https:\/\/www.krutomyval.com\/index.php?rest_route=%2Fwp%2Fv2%2Fmedia&parent=436"}],"curies":[{"name":"wp","href":"https:\/\/api.w.org\/{rel}","templated":true}]}}